{"id":9,"date":"2025-08-18T14:38:45","date_gmt":"2025-08-18T14:38:45","guid":{"rendered":"https:\/\/globaltechgate.ro\/www\/?page_id=9"},"modified":"2025-08-19T14:41:13","modified_gmt":"2025-08-19T11:41:13","slug":"acasa","status":"publish","type":"page","link":"https:\/\/globaltechgate.ro\/www\/","title":{"rendered":"Acas\u0103"},"content":{"rendered":"\n<div class=\"wp-block-group alignfull has-global-padding is-layout-constrained wp-container-core-group-is-layout-9ac82b65 wp-block-group-is-layout-constrained\" style=\"min-height:0vh;margin-top:0;margin-bottom:0;padding-top:var(--wp--preset--spacing--20);padding-right:var(--wp--preset--spacing--40);padding-bottom:var(--wp--preset--spacing--20);padding-left:var(--wp--preset--spacing--40)\">\n<div class=\"wp-block-group has-global-padding is-layout-constrained wp-container-core-group-is-layout-346627ba wp-block-group-is-layout-constrained\">\n<h2 class=\"wp-block-heading has-text-align-center has-xx-large-font-size\" style=\"margin-right:0;margin-left:0;padding-right:0;padding-left:0\">GLOBAL TECH GATE<\/h2>\n\n\n\n<p class=\"has-text-align-center\">Este o companie rom\u00e2neasc\u0103 orientat\u0103 spre inova\u021bie tehnologic\u0103 \u0219i consultan\u021b\u0103 IT. Dezvolt\u0103m solu\u021bii care aduc valoare real\u0103 \u00een organiza\u021bii \u2013 prin tehnologie aplicat\u0103, g\u00e2ndire strategic\u0103 \u0219i sprijin constant oferit partenerilor no\u0219tri.<\/p>\n\n\n\n<p class=\"has-text-align-center\">Lucr\u0103m la intersec\u021bia dintre digitalizare, automatizare \u0219i cercetare aplicat\u0103, cu accent pe aplica\u021bii concrete \u00een domenii precum inginerie, infrastructur\u0103 inteligent\u0103 sau sisteme inteligente utilizate \u00een agricultur\u0103.<\/p>\n\n\n\n<div class=\"wp-block-buttons is-content-justification-center is-layout-flex wp-container-core-buttons-is-layout-a89b3969 wp-block-buttons-is-layout-flex\">\n<div class=\"wp-block-button\"><a class=\"wp-block-button__link has-base-color has-accent-1-background-color has-text-color has-background has-link-color has-medium-font-size has-custom-font-size wp-element-button\" href=\"https:\/\/globaltechgate.ro\/www\/despre-noi\/\" style=\"border-radius:0px;padding-top:var(--wp--preset--spacing--20);padding-bottom:var(--wp--preset--spacing--20)\">Despre noi<\/a><\/div>\n<\/div>\n<\/div>\n<\/div>\n\n\n\n<div class=\"wp-block-group alignfull has-global-padding is-layout-constrained wp-container-core-group-is-layout-ebee8dc1 wp-block-group-is-layout-constrained\" style=\"margin-top:0;margin-bottom:0;padding-top:var(--wp--preset--spacing--50);padding-bottom:var(--wp--preset--spacing--50)\">\n<div class=\"wp-block-columns alignwide is-layout-flex wp-container-core-columns-is-layout-28f84493 wp-block-columns-is-layout-flex\">\n<div class=\"wp-block-column is-layout-flow wp-block-column-is-layout-flow\">\n<figure class=\"wp-block-image size-full\" style=\"margin-bottom:24px\"><a href=\"https:\/\/globaltechgate.ro\/www\/servicii\/\"><img loading=\"lazy\" decoding=\"async\" width=\"2560\" height=\"1708\" src=\"https:\/\/globaltechgate.ro\/www\/wp-content\/uploads\/2025\/08\/homa-appliances-pWUyHVJgLhg-unsplash-scaled.jpg\" alt=\"\" class=\"wp-image-126\" style=\"aspect-ratio:4\/3;object-fit:cover\" srcset=\"https:\/\/globaltechgate.ro\/www\/wp-content\/uploads\/2025\/08\/homa-appliances-pWUyHVJgLhg-unsplash-scaled.jpg 2560w, https:\/\/globaltechgate.ro\/www\/wp-content\/uploads\/2025\/08\/homa-appliances-pWUyHVJgLhg-unsplash-300x200.jpg 300w, https:\/\/globaltechgate.ro\/www\/wp-content\/uploads\/2025\/08\/homa-appliances-pWUyHVJgLhg-unsplash-1024x683.jpg 1024w, https:\/\/globaltechgate.ro\/www\/wp-content\/uploads\/2025\/08\/homa-appliances-pWUyHVJgLhg-unsplash-768x512.jpg 768w, https:\/\/globaltechgate.ro\/www\/wp-content\/uploads\/2025\/08\/homa-appliances-pWUyHVJgLhg-unsplash-1536x1025.jpg 1536w, https:\/\/globaltechgate.ro\/www\/wp-content\/uploads\/2025\/08\/homa-appliances-pWUyHVJgLhg-unsplash-2048x1366.jpg 2048w\" sizes=\"auto, (max-width: 2560px) 100vw, 2560px\" \/><\/a><\/figure>\n\n\n\n<h3 class=\"wp-block-heading is-style-default has-small-font-size\" style=\"letter-spacing:1px;text-transform:uppercase\">Descoper\u0103<\/h3>\n\n\n\n<h2 class=\"wp-block-heading has-accent-3-color has-text-color has-link-color wp-elements-c52acc19ccbf8dec82852e31eaf8a20a\"><a href=\"https:\/\/globaltechgate.ro\/servicii\/\" data-type=\"page\" data-id=\"11\">Serviciile noastre<\/a><\/h2>\n<\/div>\n\n\n\n<div class=\"wp-block-column is-layout-flow wp-block-column-is-layout-flow\">\n<figure class=\"wp-block-image size-full\" style=\"margin-bottom:24px\"><a href=\"\/proiecte\"><img loading=\"lazy\" decoding=\"async\" width=\"2560\" height=\"1708\" src=\"https:\/\/globaltechgate.ro\/www\/wp-content\/uploads\/2025\/08\/homa-appliances-0V9Ua2YsXfE-unsplash-scaled.jpg\" alt=\"\" class=\"wp-image-125\" style=\"aspect-ratio:4\/3;object-fit:cover\" srcset=\"https:\/\/globaltechgate.ro\/www\/wp-content\/uploads\/2025\/08\/homa-appliances-0V9Ua2YsXfE-unsplash-scaled.jpg 2560w, https:\/\/globaltechgate.ro\/www\/wp-content\/uploads\/2025\/08\/homa-appliances-0V9Ua2YsXfE-unsplash-300x200.jpg 300w, https:\/\/globaltechgate.ro\/www\/wp-content\/uploads\/2025\/08\/homa-appliances-0V9Ua2YsXfE-unsplash-1024x683.jpg 1024w, https:\/\/globaltechgate.ro\/www\/wp-content\/uploads\/2025\/08\/homa-appliances-0V9Ua2YsXfE-unsplash-768x512.jpg 768w, https:\/\/globaltechgate.ro\/www\/wp-content\/uploads\/2025\/08\/homa-appliances-0V9Ua2YsXfE-unsplash-1536x1025.jpg 1536w, https:\/\/globaltechgate.ro\/www\/wp-content\/uploads\/2025\/08\/homa-appliances-0V9Ua2YsXfE-unsplash-2048x1366.jpg 2048w\" sizes=\"auto, (max-width: 2560px) 100vw, 2560px\" \/><\/a><\/figure>\n\n\n\n<h3 class=\"wp-block-heading is-style-default has-small-font-size\" style=\"letter-spacing:1px;text-transform:uppercase\">Cite\u0219te despre<\/h3>\n\n\n\n<h2 class=\"wp-block-heading has-accent-3-color has-text-color has-link-color wp-elements-efdc4a4b25a3ea6397db450235687983\"><a href=\"\/proiecte\">Proiectele noastre<\/a><\/h2>\n<\/div>\n\n\n\n<div class=\"wp-block-column is-layout-flow wp-block-column-is-layout-flow\">\n<figure class=\"wp-block-image size-full\" style=\"margin-bottom:24px\"><a href=\"https:\/\/globaltechgate.ro\/www\/contact\/\"><img loading=\"lazy\" decoding=\"async\" width=\"2560\" height=\"1707\" src=\"https:\/\/globaltechgate.ro\/www\/wp-content\/uploads\/2025\/08\/petr-magera-8_Qei5_ShTo-unsplash-scaled.jpg\" alt=\"\" class=\"wp-image-127\" style=\"aspect-ratio:4\/3;object-fit:cover\" srcset=\"https:\/\/globaltechgate.ro\/www\/wp-content\/uploads\/2025\/08\/petr-magera-8_Qei5_ShTo-unsplash-scaled.jpg 2560w, https:\/\/globaltechgate.ro\/www\/wp-content\/uploads\/2025\/08\/petr-magera-8_Qei5_ShTo-unsplash-300x200.jpg 300w, https:\/\/globaltechgate.ro\/www\/wp-content\/uploads\/2025\/08\/petr-magera-8_Qei5_ShTo-unsplash-1024x683.jpg 1024w, https:\/\/globaltechgate.ro\/www\/wp-content\/uploads\/2025\/08\/petr-magera-8_Qei5_ShTo-unsplash-768x512.jpg 768w, https:\/\/globaltechgate.ro\/www\/wp-content\/uploads\/2025\/08\/petr-magera-8_Qei5_ShTo-unsplash-1536x1024.jpg 1536w, https:\/\/globaltechgate.ro\/www\/wp-content\/uploads\/2025\/08\/petr-magera-8_Qei5_ShTo-unsplash-2048x1365.jpg 2048w\" sizes=\"auto, (max-width: 2560px) 100vw, 2560px\" \/><\/a><\/figure>\n\n\n\n<h3 class=\"wp-block-heading is-style-default has-small-font-size\" style=\"letter-spacing:1px;text-transform:uppercase\">Vezi cum putem colabora<\/h3>\n\n\n\n<h2 class=\"wp-block-heading has-accent-3-color has-text-color has-link-color wp-elements-91f30c6a36c923528de8c32fc8756957\"><a href=\"https:\/\/globaltechgate.ro\/contact\/\" data-type=\"page\" data-id=\"17\">Contact<\/a><\/h2>\n<\/div>\n<\/div>\n<\/div>\n","protected":false},"excerpt":{"rendered":"<p>GLOBAL TECH GATE Este o companie rom\u00e2neasc\u0103 orientat\u0103 spre inova\u021bie tehnologic\u0103 \u0219i consultan\u021b\u0103 IT. Dezvolt\u0103m solu\u021bii care aduc valoare real\u0103 \u00een organiza\u021bii \u2013 prin tehnologie aplicat\u0103, g\u00e2ndire strategic\u0103 \u0219i sprijin constant oferit partenerilor no\u0219tri. Lucr\u0103m la intersec\u021bia dintre digitalizare, automatizare \u0219i cercetare aplicat\u0103, cu accent pe aplica\u021bii concrete \u00een domenii precum inginerie, infrastructur\u0103 inteligent\u0103 sau [&hellip;]<\/p>\n","protected":false},"author":1,"featured_media":0,"parent":0,"menu_order":0,"comment_status":"closed","ping_status":"closed","template":"","meta":{"_acf_changed":false,"footnotes":""},"class_list":["post-9","page","type-page","status-publish","hentry"],"acf":[],"_links":{"self":[{"href":"https:\/\/globaltechgate.ro\/www\/wp-json\/wp\/v2\/pages\/9","targetHints":{"allow":["GET"]}}],"collection":[{"href":"https:\/\/globaltechgate.ro\/www\/wp-json\/wp\/v2\/pages"}],"about":[{"href":"https:\/\/globaltechgate.ro\/www\/wp-json\/wp\/v2\/types\/page"}],"author":[{"embeddable":true,"href":"https:\/\/globaltechgate.ro\/www\/wp-json\/wp\/v2\/users\/1"}],"replies":[{"embeddable":true,"href":"https:\/\/globaltechgate.ro\/www\/wp-json\/wp\/v2\/comments?post=9"}],"version-history":[{"count":11,"href":"https:\/\/globaltechgate.ro\/www\/wp-json\/wp\/v2\/pages\/9\/revisions"}],"predecessor-version":[{"id":167,"href":"https:\/\/globaltechgate.ro\/www\/wp-json\/wp\/v2\/pages\/9\/revisions\/167"}],"wp:attachment":[{"href":"https:\/\/globaltechgate.ro\/www\/wp-json\/wp\/v2\/media?parent=9"}],"curies":[{"name":"wp","href":"https:\/\/api.w.org\/{rel}","templated":true}]}}