{"id":3,"date":"2025-08-18T13:20:40","date_gmt":"2025-08-18T13:20:40","guid":{"rendered":"https:\/\/globaltechgate.ro\/www\/?page_id=3"},"modified":"2025-08-19T14:50:36","modified_gmt":"2025-08-19T11:50:36","slug":"politica-de-confidentialitate","status":"publish","type":"page","link":"https:\/\/globaltechgate.ro\/www\/politica-de-confidentialitate\/","title":{"rendered":"Politica de confiden\u021bialitate"},"content":{"rendered":"\n<ol class=\"wp-block-list\">\n<li><strong>Date de contact<\/strong><\/li>\n\n\n\n<li><strong>Generalit\u0103\u021bi<\/strong><\/li>\n\n\n\n<li><strong>Ce informa\u021bii colect\u0103m de la dumneavoastr\u0103<\/strong><\/li>\n\n\n\n<li><strong>C\u00e2nd \u0219i cum este folosit\u0103 informa\u021bia<\/strong><\/li>\n\n\n\n<li><strong>Cum protej\u0103m noi informa\u021bia<\/strong><\/li>\n\n\n\n<li><strong>Cine are acces la informa\u021bia colectat\u0103 de la dumneavoastr\u0103<\/strong><\/li>\n\n\n\n<li><strong>Drepturile persoanei vizate<\/strong><\/li>\n\n\n\n<li><strong>Modific\u0103ri ale acestei politic\u0103<\/strong><\/li>\n<\/ol>\n\n\n\n<p><strong>Introducere<\/strong><\/p>\n\n\n\n<p>\u00cen cele ce urmeaz\u0103 vom folosi termenul\u00a0<strong>COMPANIA<\/strong>\u00a0pentru\u00a0<strong>GLOBAL TECH GATE S.R.L.<\/strong><\/p>\n\n\n\n<p><strong>1. Date de contact<\/strong><\/p>\n\n\n\n<p>Site-ul acesta apar\u021bine \u015fi este administrat de c\u0103tre&nbsp;COMPANIA, care poate fi contactat\u0103 \u00een urm\u0103toarele moduri:<\/p>\n\n\n\n<ul class=\"wp-block-list\">\n<li>Adresa:&nbsp;<strong>Str. Viitorului, Nr. 2, Sat C\u0103ld\u0103raru, Comuna Cernica, Jud. Ilfov<\/strong><\/li>\n\n\n\n<li>Email: <a href=\"mailto:contact@globaltechgate.ro\"><strong>contact@globaltechgate.ro<\/strong><\/a><\/li>\n<\/ul>\n\n\n\n<p><strong>2. Generalit\u0103\u0163i<\/strong><\/p>\n\n\n\n<p>Documentul pe care tocmai \u00eel parcurge\u021bi \u00een acest moment este, de fapt, unul dintre modurile \u00een care noi dorim s\u0103 v\u0103 ar\u0103t\u0103m c\u0103 \u00eencrederea pe care ne-o acorda\u021bi nu este unilateral\u0103. La r\u00e2ndul nostru, lu\u0103m \u015fi noi toate m\u0103surile necesare pentru ca vizita dumneavoastr\u0103 \u00een site-ul nostru s\u0103 fie c\u00e2t mai pl\u0103cut\u0103 \u015fi f\u0103r\u0103 consecin\u021be pe care nu le anticipa\u021bi.<\/p>\n\n\n\n<p>Pentru orice \u00eentrebare sau nedumerire \u00een privin\u021ba termenilor utiliza\u021bi mai jos sau asupra oric\u0103ror alte probleme legate de modul \u00een care noi \u00een\u021belegem s\u0103 p\u0103str\u0103m confiden\u021bialitatea datelor dumneavoastr\u0103, v\u0103 rug\u0103m s\u0103 ne contacta\u021bi la adresa de email.<\/p>\n\n\n\n<p><strong>3. Ce fel de informa\u0163ii colect\u0103m de la dumneavoastr\u0103<\/strong><\/p>\n\n\n\n<p>COMPANIA colecteaz\u0103 informa\u021bii de la utilizatorii s\u0103i direct de la utilizator, prin \u00eenregistrare: nume \u015fi adres\u0103 de e-mail \u00een cadrul rubricii \u201eAbonare Newsletter\u201d.<\/p>\n\n\n\n<p><strong>Informa\u021bie furnizat\u0103 direct de utilizator:<\/strong><br>Atunci c\u00e2nd v\u0103 abona\u021bi la un serviciu furnizat de COMPANIA, v\u0103 solicit\u0103m numele \u015fi adresa dumneavoastr\u0103 de e-mail.<\/p>\n\n\n\n<p><strong>Informa\u021bie din raportul de trafic al serverului:<\/strong><br>Atunci c\u00e2nd vizita\u021bi un site web, dezv\u0103lui\u021bi anumite informa\u021bii despre dumneavoastr\u0103, ca adresa de IP, ora vizitei, locul de unde a\u021bi intrat \u00een site-ul nostru. COMPANIA, ca \u015fi al\u021bi operatori, \u00eenregistreaz\u0103 aceast\u0103 informa\u021bie.<\/p>\n\n\n\n<p><strong>Cookie-uri:<\/strong><\/p>\n\n\n\n<p>\u00cen ideea de a oferi un serviciu personalizat utilizatorilor no\u0219tri, COMPANIA&nbsp;poate folosi cookie-uri pentru a facilita stocarea \u015fi urm\u0103rirea preferin\u021belor dumneavoastr\u0103. Spre exemplu, putem folosi cookie-uri pentru a v\u0103 putea identifica \u015fi pentru a v\u0103 putea furniza informa\u021bii \u015fi servicii bazate pe preferin\u021bele pe care vi le-a\u021bi exprimat \u00een vizitele dumneavoastr\u0103 anterioare. De asemenea, re\u021bele ter\u021be de publicitate online pot folosi cookie-uri pentru a putea adapta mesajele publicitare \u00een func\u021bie de preferin\u021bele dumneavoastr\u0103. Cookie-urile sunt fi\u0219iere de tip .txt, oferite browserului dumneavoastr\u0103 de un server web \u015fi stocate apoi pe hard-discul computerului dumneavoastr\u0103. Folosirea cookie-urilor este un standard actual la multe dintre site-urile importante pe care le vizita\u021bi. Majoritatea browserelor sunt setate s\u0103 accepte cookie-uri. \u00cens\u0103, dac\u0103 prefera\u021bi acest lucru, pute\u021bi reseta browserul dumneavoastr\u0103 fie s\u0103 v\u0103 anun\u021be ori de c\u00e2te ori primi\u021bi c\u00e2te un cookie, fie chiar s\u0103 refuze acceptarea cookie-urilor. Trebuie \u00eens\u0103 s\u0103 afla\u021bi c\u0103 unele sec\u021biuni ale site-ului nostru nu vor putea fi vizualizate normal dac\u0103 a\u021bi setat browserul s\u0103 resping\u0103 cookie-urile.<\/p>\n\n\n\n<p>Trebuie s\u0103 re\u021bine\u021bi c\u0103 ori de c\u00e2te ori dezv\u0103lui\u021bi \u00een mod voluntar informa\u021bii personale \u00een mediul de comunicare online ca: forumurile online, programul de e-mail, programul de FTP, grupurile de discu\u021bii, serviciile de chat, informa\u021bia dezv\u0103luita de dumneavoastr\u0103 poate fi u\u0219or colectat\u0103 \u015fi folosit\u0103 de persoane neautorizate. De\u0219i COMPANIA face tot posibilul s\u0103 protejeze informa\u021bia dumneavoastr\u0103 personal\u0103, COMPANIA nu v\u0103 poate asigura sau garanta securitatea oric\u0103rui tip de informa\u021bie pe care ni-l transmite\u021bi, astfel \u00eenc\u00e2t transmiterea informa\u021biei \u00eentr-un mediu inadecvat se face pe propriul dumneavoastr\u0103 risc. Trebuie sa \u00een\u021belege\u021bi, de asemenea, c\u0103 sunte\u021bi unicul responsabil pentru men\u021binerea secretului informa\u021biilor (parole, nume de utilizator, etc.), legate de conturile pe care le-a\u021bi dob\u00e2ndit ca urmare a folosirii serviciilor oferite de noi.<\/p>\n\n\n\n<p>Detalii despre politica de cookie-uri reg\u0103si\u021bi&nbsp;<a href=\"https:\/\/dev.wing.ro\/proiect\/politica-de-utilizare-cookies\/\"><strong>aici<\/strong><\/a>.<\/p>\n\n\n\n<p><strong>4. Cum \u015fi unde este folosit\u0103 informa\u0163ia<\/strong><\/p>\n\n\n\n<p>COMPANIA folose\u0219te informa\u021biile colectate de la dumneavoastr\u0103 numaCOMPANIAi pentru scopul \u00een care au fost colectate \u0219i stocheaz\u0103 datele numai at\u00e2t c\u00e2t este necesar pentru acel scop. Vom p\u0103stra informa\u021biile clientului pentru perioada \u00een care contul s\u0103u este activ, pentru a \u00eei oferi servicii, pentru a fi conforme cu obliga\u021biile noastre legale. Accesul la datele personale este strict limitat la personalul care r\u0103spunde de newsletter.<\/p>\n\n\n\n<p><strong>5. Cum protej\u0103m noi informa\u0163ia colectat\u0103 de la dumneavoastr\u0103<\/strong><\/p>\n\n\n\n<p>Confiden\u021bialitatea \u015fi protec\u021bia informa\u021biilor colectate de la dumneavoastr\u0103 sunt de o importan\u0163\u0103 vital\u0103 pentru noi. COMPANIA nu ofer\u0103 informa\u021bia colectat\u0103 unor ter\u021bi. Orice statistic\u0103 privind traficul utilizatorilor no\u0219tri, pe care o vom oferi c\u0103tre site-uri partenere, este furnizat\u0103 doar ca ansamblu de date \u015fi nu include nicio informa\u021bie identificabil\u0103 personal despre niciun utilizator individual.<br>\u00cen momentul \u00een care noi primim informa\u021biile transmise de dumneavoastr\u0103, v\u0103 garant\u0103m c\u0103 vom depune toate eforturile pentru a asigura securitatea acestora \u00een sistemele noastre, conform standardelor de securitate impuse de legisla\u021bia rom\u00e2n\u0103 \u00een vigoare.<\/p>\n\n\n\n<p><strong>6. Cine are acces la informa\u0163ia colectat\u0103 de la dumneavoastr\u0103<\/strong><\/p>\n\n\n\n<p>COMPANIA nu va dezv\u0103lui niciun fel de informa\u021bie identificabil\u0103 personal despre utilizatorii s\u0103i c\u0103tre ter\u021be par\u021bi f\u0103r\u0103 a primi mai \u00eent\u00e2i consim\u021b\u0103m\u00e2ntul expres al utilizatorilor \u00een aceast\u0103 privin\u021b\u0103.<\/p>\n\n\n\n<p>\u00cens\u0103 de fiecare dat\u0103 c\u00e2nd un astfel de serviciu este furnizat \u00een parteneriat cu un alt site, ve\u021bi fi informat asupra acestui lucru. \u00cen ideea de a v\u0103 furniza servicii la standarde c\u00e2t mai \u00eenalte, este necesar\u0103 partajarea informa\u021biilor dumneavoastr\u0103 personale cu site-ul sau serviciul co-partener. Dac\u0103 nu dori\u021bi ca aceste date ale dumneavoastr\u0103 s\u0103 fie partajate, pute\u021bi proceda \u00een consecin\u021b\u0103 prin a nu permite transferul datelor, prin neutilizarea acelui serviciu specific.<\/p>\n\n\n\n<p>Dac\u0103 alege\u021bi s\u0103 accepta\u021bi partajarea datelor, trebuie s\u0103 \u00een\u021belege\u021bi c\u0103 furnizorii serviciului \u00een parteneriat pot avea practici separate de confiden\u021bialitate \u015fi de colectare a datelor.<\/p>\n\n\n\n<p>COMPANIA nu are niciun fel de control \u015fi nu poate garanta asupra tuturor aspectelor juridice pe care le implic\u0103 folosirea acestor practici independente de confiden\u021bialitate.<\/p>\n\n\n\n<p><strong>7. Drepturile persoanei vizate<\/strong><\/p>\n\n\n\n<p>Orice informa\u021bie furnizat\u0103 de dumneavoastr\u0103 va fi considerat\u0103 \u015fi va reprezenta consim\u021b\u0103m\u00e2ntul dumneavoastr\u0103 expres, ca datele dumneavoastr\u0103 personale s\u0103 fie folosite de COMPANIA, \u00een conformitate cu scopurile men\u021bionate mai sus.<\/p>\n\n\n\n<p>Dac\u0103 v\u0103 afla\u021bi pe teritoriul UE, ave\u021bi anumite drepturi \u00een leg\u0103tur\u0103 cu Datele dumneavoastr\u0103 cu Caracter Personal. V\u0103 rug\u0103m s\u0103 re\u021bine\u021bi faptul c\u0103 se pot aplica anumite excep\u021bii de la exercitarea acestor drepturi, astfel exist\u0103 posibilitatea s\u0103 nu pute\u021bi exercita aceste drepturi \u00een toate situa\u021biile. De asemenea, aceste drepturi sunt diferite \u00een func\u021bie de statul membru UE.<\/p>\n\n\n\n<ul class=\"wp-block-list\">\n<li>Dreptul de acces la date: ave\u021bi drept de acces la orice date despre dumneavoastr\u0103 p\u0103strate de COMPANIA, \u00een general, \u00een termen de 1 lun\u0103 de la data solicit\u0103rii.<\/li>\n\n\n\n<li>Dreptul la rectificarea datelor: pute\u021bi solicita modificarea Datelor cu Caracter Personal incorecte sau incomplete.<\/li>\n\n\n\n<li>Dreptul la \u0219tergerea datelor: pute\u021bi solicita \u0219tergerea Datelor cu Caracter Personal \u00een anumite situa\u021bii men\u021bionate \u00een articolul 17 din Regulamentul privind Protec\u021bia Datelor cu Caracter Personal \u0219i vom lua toate m\u0103surile rezonabile pentru informarea celorlal\u021bi operatori care prelucreaz\u0103 datele c\u0103 a\u021bi solicitat \u0219tergerea oric\u0103ror date, copii sau reproduceri ale acestora.<\/li>\n\n\n\n<li>Dreptul la retragerea consim\u021b\u0103m\u00e2ntului: pute\u021bi retrage orice consim\u021b\u0103m\u00e2nt dat pentru prelucrarea datelor \u0219i pentru a preveni prelucrarea ulterioar\u0103 a acestora, dac\u0103 COMPANIA, nu are un temei juridic pentru prelucrarea Datelor dumneavoastr\u0103 cu Caracter Personal.<\/li>\n\n\n\n<li>Dreptul la restric\u021bionarea prelucr\u0103rii: pute\u021bi solicita ca anumite Date cu Caracter Personal s\u0103 fie marcate ca restric\u021bionate pe perioada de solu\u021bionare a unor pl\u00e2ngeri \u0219i, de asemenea, pute\u021bi restric\u021biona prelucrarea datelor \u00een alte situa\u021bii.<\/li>\n\n\n\n<li>Dreptul la opozi\u021bie: ave\u021bi dreptul s\u0103 face\u021bi obiec\u021bii privind prelucrarea datelor dumneavoastr\u0103 personale de c\u0103tre COMPANIA. Vom opri prelucrarea datelor cu excep\u021bia cazului \u00een care: (i) exist\u0103 motive legitime temeinice pentru procesare, care dep\u0103\u0219esc interesele, drepturile \u0219i libert\u0103\u021bile; sau (ii) COMPANIA, trebuie s\u0103 continue procesarea informa\u021biilor dumneavoastr\u0103 personale pentru a stabili, a exercita sau a ap\u0103ra o reclama\u021bie legal\u0103;<\/li>\n\n\n\n<li>Dreptul la portabilitatea datelor: ne pute\u021bi solicita s\u0103 transmitem Datele dumneavoastr\u0103 cu Caracter Personal p\u0103strate de noi c\u0103tre o ter\u021b\u0103 parte, prin mijloace electronice.<\/li>\n\n\n\n<li>Dreptul de a formula pl\u00e2ngeri: pute\u021bi formula o pl\u00e2ngere \u00eempotriva prelucr\u0103rii datelor de c\u0103tre compania noastr\u0103 la autoritatea de reglementare a protec\u021biei datelor.<\/li>\n<\/ul>\n\n\n\n<p><strong>8. Modific\u0103ri ale acestei politici<\/strong><\/p>\n\n\n\n<p>Aceast\u0103 politic\u0103 poate fi actualizat\u0103 din c\u00e2nd \u00een c\u00e2nd, de exemplu \u00een urma modific\u0103rii legisla\u021biei relevante.<\/p>\n\n\n\n<p>\u00cen cazul \u00een care se fac modific\u0103ri ale materialului, clien\u021bii vor fi notifica\u021bi pe e-mail sau prin intermediul website-ului, \u00eenainte ca schimb\u0103rile s\u0103 intre \u00een vigoare.<\/p>\n\n\n\n<p>Se poate revoca consim\u021b\u0103m\u00e2ntul dat folosind butonul urm\u0103tor:<\/p>\n\n\n\n<div class=\"wp-block-group has-global-padding is-layout-constrained wp-block-group-is-layout-constrained\"><a href=\"#\" class=\"cn-revoke-cookie cn-button-inline cn-revoke-inline\" title=\"Anulare consim\u021b\u0103m\u00e2nt\">Anulare consim\u021b\u0103m\u00e2nt<\/a>\n<\/div>\n","protected":false},"excerpt":{"rendered":"<p>Introducere \u00cen cele ce urmeaz\u0103 vom folosi termenul\u00a0COMPANIA\u00a0pentru\u00a0GLOBAL TECH GATE S.R.L. 1. Date de contact Site-ul acesta apar\u021bine \u015fi este administrat de c\u0103tre&nbsp;COMPANIA, care poate fi contactat\u0103 \u00een urm\u0103toarele moduri: 2. Generalit\u0103\u0163i Documentul pe care tocmai \u00eel parcurge\u021bi \u00een acest moment este, de fapt, unul dintre modurile \u00een care noi dorim s\u0103 v\u0103 ar\u0103t\u0103m c\u0103 [&hellip;]<\/p>\n","protected":false},"author":1,"featured_media":0,"parent":0,"menu_order":0,"comment_status":"closed","ping_status":"closed","template":"","meta":{"_acf_changed":false,"footnotes":""},"class_list":["post-3","page","type-page","status-publish","hentry"],"acf":[],"_links":{"self":[{"href":"https:\/\/globaltechgate.ro\/www\/wp-json\/wp\/v2\/pages\/3","targetHints":{"allow":["GET"]}}],"collection":[{"href":"https:\/\/globaltechgate.ro\/www\/wp-json\/wp\/v2\/pages"}],"about":[{"href":"https:\/\/globaltechgate.ro\/www\/wp-json\/wp\/v2\/types\/page"}],"author":[{"embeddable":true,"href":"https:\/\/globaltechgate.ro\/www\/wp-json\/wp\/v2\/users\/1"}],"replies":[{"embeddable":true,"href":"https:\/\/globaltechgate.ro\/www\/wp-json\/wp\/v2\/comments?post=3"}],"version-history":[{"count":7,"href":"https:\/\/globaltechgate.ro\/www\/wp-json\/wp\/v2\/pages\/3\/revisions"}],"predecessor-version":[{"id":173,"href":"https:\/\/globaltechgate.ro\/www\/wp-json\/wp\/v2\/pages\/3\/revisions\/173"}],"wp:attachment":[{"href":"https:\/\/globaltechgate.ro\/www\/wp-json\/wp\/v2\/media?parent=3"}],"curies":[{"name":"wp","href":"https:\/\/api.w.org\/{rel}","templated":true}]}}