{"id":13,"date":"2025-08-18T14:39:04","date_gmt":"2025-08-18T14:39:04","guid":{"rendered":"https:\/\/globaltechgate.ro\/www\/?page_id=13"},"modified":"2025-08-19T12:50:29","modified_gmt":"2025-08-19T09:50:29","slug":"despre-noi","status":"publish","type":"page","link":"https:\/\/globaltechgate.ro\/www\/despre-noi\/","title":{"rendered":"Despre noi"},"content":{"rendered":"\n<p><strong>Cine suntem<\/strong><\/p>\n\n\n\n<p><strong>GLOBAL TECH GATE&nbsp;<\/strong>este o companie \u00eenfiin\u021bat\u0103 \u00een 2023, cu sediul \u00een jude\u021bul Ilfov, Rom\u00e2nia. Activ\u0103m \u00een domeniul consultan\u021bei IT \u0219i cercet\u0103rii aplicate, cu o abordare care combin\u0103 analiza strategic\u0103, tehnologia \u0219i o preocupare constant\u0103 pentru aplicabilitate \u0219i impact real.<\/p>\n\n\n\n<p>Suntem o echip\u0103 t\u00e2n\u0103r\u0103, dar cu experien\u021b\u0103 acumulat\u0103 \u00een proiecte complexe. Ne dorim s\u0103 contribuim la modernizarea mediului economic \u0219i tehnologic prin solu\u021bii eficiente, echilibrate \u0219i sustenabile.<\/p>\n\n\n\n<p><strong>Misiunea noastr\u0103<\/strong><\/p>\n\n\n\n<p>S\u0103 oferim solu\u021bii tehnologice adaptate nevoilor reale ale organiza\u021biilor, contribuind la eficientizarea proceselor \u0219i la cre\u0219terea capacit\u0103\u021bii de inovare \u00een mediul economic \u0219i institu\u021bional.<\/p>\n\n\n\n<p><strong>Viziunea noastr\u0103<\/strong><\/p>\n\n\n\n<p>S\u0103 devenim un partener de referin\u021b\u0103 \u00een domeniul tehnologiei aplicate, recunoscut pentru seriozitate, competen\u021b\u0103 \u0219i capacitatea de a livra rezultate concrete \u00een proiecte complexe.<\/p>\n\n\n\n<p><strong>Ce ne define\u0219te<\/strong><\/p>\n\n\n\n<ul class=\"wp-block-list\">\n<li><strong>Aplicabilitate \u00eenainte de toate<\/strong><br>Tehnologia pe care o propunem trebuie s\u0103 fie util\u0103, u\u0219or de adoptat \u0219i cu impact m\u0103surabil.<\/li>\n\n\n\n<li><strong>Adaptare la context<\/strong><br>Nu oferim re\u021bete universale. Ascult\u0103m, analiz\u0103m \u0219i personaliz\u0103m solu\u021biile \u00een func\u021bie de realit\u0103\u021bile fiec\u0103rui client.<\/li>\n<\/ul>\n\n\n\n<p><strong>Seriozitate \u0219i profesionalism<\/strong><br>Lucr\u0103m cu termene clare, comunicare constant\u0103 \u0219i respect fa\u021b\u0103 de parteneri \u0219i echip\u0103.<\/p>\n","protected":false},"excerpt":{"rendered":"<p>Cine suntem GLOBAL TECH GATE&nbsp;este o companie \u00eenfiin\u021bat\u0103 \u00een 2023, cu sediul \u00een jude\u021bul Ilfov, Rom\u00e2nia. Activ\u0103m \u00een domeniul consultan\u021bei IT \u0219i cercet\u0103rii aplicate, cu o abordare care combin\u0103 analiza strategic\u0103, tehnologia \u0219i o preocupare constant\u0103 pentru aplicabilitate \u0219i impact real. Suntem o echip\u0103 t\u00e2n\u0103r\u0103, dar cu experien\u021b\u0103 acumulat\u0103 \u00een proiecte complexe. Ne dorim s\u0103 [&hellip;]<\/p>\n","protected":false},"author":1,"featured_media":0,"parent":0,"menu_order":0,"comment_status":"closed","ping_status":"closed","template":"","meta":{"_acf_changed":false,"footnotes":""},"class_list":["post-13","page","type-page","status-publish","hentry"],"acf":[],"_links":{"self":[{"href":"https:\/\/globaltechgate.ro\/www\/wp-json\/wp\/v2\/pages\/13","targetHints":{"allow":["GET"]}}],"collection":[{"href":"https:\/\/globaltechgate.ro\/www\/wp-json\/wp\/v2\/pages"}],"about":[{"href":"https:\/\/globaltechgate.ro\/www\/wp-json\/wp\/v2\/types\/page"}],"author":[{"embeddable":true,"href":"https:\/\/globaltechgate.ro\/www\/wp-json\/wp\/v2\/users\/1"}],"replies":[{"embeddable":true,"href":"https:\/\/globaltechgate.ro\/www\/wp-json\/wp\/v2\/comments?post=13"}],"version-history":[{"count":3,"href":"https:\/\/globaltechgate.ro\/www\/wp-json\/wp\/v2\/pages\/13\/revisions"}],"predecessor-version":[{"id":114,"href":"https:\/\/globaltechgate.ro\/www\/wp-json\/wp\/v2\/pages\/13\/revisions\/114"}],"wp:attachment":[{"href":"https:\/\/globaltechgate.ro\/www\/wp-json\/wp\/v2\/media?parent=13"}],"curies":[{"name":"wp","href":"https:\/\/api.w.org\/{rel}","templated":true}]}}